{"id":4870,"date":"2015-02-05T13:56:58","date_gmt":"2015-02-05T13:56:58","guid":{"rendered":"http:\/\/raptor.x2n.com.br\/~acircanc\/site\/?page_id=4870"},"modified":"2024-05-10T13:32:23","modified_gmt":"2024-05-10T13:32:23","slug":"solucoes","status":"publish","type":"page","link":"https:\/\/acircan.com.br\/site\/solucoes\/","title":{"rendered":"Solu\u00e7\u00f5es"},"content":{"rendered":"\n<style type=\"text\/css\" data-created_by=\"avia_inline_auto\" id=\"style-css-av-av_heading-96bd1996d1e3555eed2db3dfecf94259\">\n#top .av-special-heading.av-av_heading-96bd1996d1e3555eed2db3dfecf94259{\npadding-bottom:10px;\n}\nbody .av-special-heading.av-av_heading-96bd1996d1e3555eed2db3dfecf94259 .av-special-heading-tag .heading-char{\nfont-size:25px;\n}\n.av-special-heading.av-av_heading-96bd1996d1e3555eed2db3dfecf94259 .av-subheading{\nfont-size:15px;\n}\n<\/style>\n<div  class='av-special-heading av-av_heading-96bd1996d1e3555eed2db3dfecf94259 av-special-heading-h3 blockquote modern-quote modern-centered  avia-builder-el-0  el_before_av_tab_container  avia-builder-el-first  av-linked-heading'><h3 class='av-special-heading-tag '  itemprop=\"headline\"  >Solu\u00e7\u00f5es empresariais para o desenvolvimento do seu neg\u00f3cio<\/h3><div class=\"special-heading-border\"><div class=\"special-heading-inner-border\"><\/div><\/div><\/div>\n<div  class='tabcontainer av-jtbrrkv2-f4219a417de35186e4b29ae9d74d8a85 sidebar_tab sidebar_tab_left  avia-builder-el-1  el_after_av_heading  avia-builder-el-last  border_tabs'>\n<section class='av_tab_section av_tab_section av-av_tab-4996f8cb4d86c3cd9d0e07be05286332'  itemscope=\"itemscope\" itemtype=\"https:\/\/schema.org\/CreativeWork\" ><div id='tab-id-1-tab' class='tab active_tab' role='tab' aria-selected=\"true\" tabindex=\"0\" data-fake-id='#tab-id-1' aria-controls='tab-id-1-content'  itemprop=\"headline\" ><span class='tab_icon' aria-hidden='true' data-av_icon='\ue812' data-av_iconfont='entypo-fontello'><\/span>Boa Vista SCPC<\/div><div id='tab-id-1-content' class='tab_content active_tab_content' role='tabpanel' aria-labelledby='tab-id-1-tab' aria-hidden=\"false\"><div class='tab_inner_content invers-color'  itemprop=\"text\" ><p><img loading=\"lazy\" decoding=\"async\" class=\"wp-image-7954 size-medium alignright\" src=\"https:\/\/acircan.com.br\/site\/wp-content\/uploads\/2024\/05\/boavista-300x213.png\" alt=\"\" width=\"300\" height=\"213\" srcset=\"https:\/\/acircan.com.br\/site\/wp-content\/uploads\/2024\/05\/boavista-300x213.png 300w, https:\/\/acircan.com.br\/site\/wp-content\/uploads\/2024\/05\/boavista-260x185.png 260w, https:\/\/acircan.com.br\/site\/wp-content\/uploads\/2024\/05\/boavista.png 500w\" sizes=\"auto, (max-width: 300px) 100vw, 300px\" \/>A Boa Vista SCPC (Servi\u00e7o Central de Prote\u00e7\u00e3o ao Cr\u00e9dito) oferece solu\u00e7\u00f5es que auxiliam a tomada de decis\u00f5es de cr\u00e9dito e gest\u00e3o de neg\u00f3cios, a servi\u00e7o de empresas e consumidores.<\/p>\n<p>Sua base de dados cont\u00e9m mais de 350 milh\u00f5es de informa\u00e7\u00f5es comerciais sobre consumidores, e fornece mais de 200 milh\u00f5es de consultas por m\u00eas, atuando com uma rede nacional de mais de 2,2 mil entidades representativas do varejo em todas as regi\u00f5es do Brasil.<\/p>\n<p>Com mais de 60 anos de exist\u00eancia, o SCPC \u2013 Servi\u00e7o Central de Prote\u00e7\u00e3o ao Cr\u00e9dito foi criado pela Associa\u00e7\u00e3o Comercial de S\u00e3o Paulo. Em 2010, o servi\u00e7o passou a ser administrado pela Boa Vista SCPC, sendo, atualmente um dos mais completos e importantes bancos de dados de consumidores e empresas do pa\u00eds.<\/p>\n<\/div><\/div><\/section>\n<section class='av_tab_section av_tab_section av-2houbq-02117232fbe334ab0c5e0146b860cc7c'  itemscope=\"itemscope\" itemtype=\"https:\/\/schema.org\/CreativeWork\" ><div id='tab-id-2-tab' class='tab' role='tab' aria-selected=\"false\" tabindex=\"0\" data-fake-id='#tab-id-2' aria-controls='tab-id-2-content'  itemprop=\"headline\" ><span class='tab_icon' aria-hidden='true' data-av_icon='\ue824' data-av_iconfont='entypo-fontello'><\/span>Certificado Digital<\/div><div id='tab-id-2-content' class='tab_content' role='tabpanel' aria-labelledby='tab-id-2-tab' aria-hidden=\"true\"><div class='tab_inner_content invers-color'  itemprop=\"text\" ><p>O Certificado Digital \u00e9 a identidade da pessoa f\u00edsica e jur\u00eddica no meio eletr\u00f4nico. Esta solu\u00e7\u00e3o garante autenticidade, confidencialidade, integridade e n\u00e3o rep\u00fadio nas opera\u00e7\u00f5es que s\u00e3o realizadas por meio dele, atribuindo validade jur\u00eddica e prote\u00e7\u00e3o a opera\u00e7\u00f5es eletr\u00f4nicas.<\/p>\n<p>Todas as empresas que s\u00e3o obrigadas a emitir a nota fiscal eletr\u00f4nica, assim como todas as que est\u00e3o inscritas nos regimes tribut\u00e1rios de lucro real ou lucro presumido, s\u00e3o obrigadas a ter um certificado digital.<\/p>\n<p>A Certisign, maior autoridade certificadora da Am\u00e9rica do Sul, \u00e9 a parceira estrat\u00e9gica da FACISC para emiss\u00e3o dos certificados em Santa Catarina.<\/p>\n<p>Para acessar a Declara\u00e7\u00e3o de Pr\u00e1ticas de Neg\u00f3cios da Autoridade de Registro, <a href=\"http:\/\/icp-brasil.certisign.com.br\/repositorio\/ar\/ar-associacao-empresarial-rural-e-cultural-camponovense-acircan.html\" target=\"_blank\" rel=\"noopener noreferrer\">clique aqui<\/a>.<\/p>\n<\/div><\/div><\/section>\n<section class='av_tab_section av_tab_section av-57bpti-216d2392d6a71bdb705c681257904068'  itemscope=\"itemscope\" itemtype=\"https:\/\/schema.org\/CreativeWork\" ><div id='tab-id-3-tab' class='tab' role='tab' aria-selected=\"false\" tabindex=\"0\" data-fake-id='#tab-id-3' aria-controls='tab-id-3-content'  itemprop=\"headline\" ><span class='tab_icon' aria-hidden='true' data-av_icon='\ue8cf' data-av_iconfont='entypo-fontello'><\/span>\u00datil Card<\/div><div id='tab-id-3-content' class='tab_content' role='tabpanel' aria-labelledby='tab-id-3-tab' aria-hidden=\"true\"><div class='tab_inner_content invers-color'  itemprop=\"text\" ><p><img loading=\"lazy\" decoding=\"async\" class=\"size-full wp-image-6765 alignright\" src=\"http:\/\/acircan.com.br\/site\/wp-content\/uploads\/2019\/03\/icon-util.png\" alt=\"\" width=\"228\" height=\"253\" \/>Cart\u00e3o de gest\u00e3o de benef\u00edcios e conv\u00eanios que informatiza o sistema de vales da sua empresa, proporcionando parcerias com supermercados, farm\u00e1cias, postos de combust\u00edveis e outros tipos de atividades. Ele promove o desenvolvimento do com\u00e9rcio, pois credencia as empresas locais e regionais como aptas a receberem o cart\u00e3o como forma de pagamento.<\/p>\n<p>O desconto, por sua vez, \u00e9 feito em folha de pagamento, sem \u00f4nus adicional para a sua empresa nem para os seus colaboradores.<\/p>\n<p><a href=\"https:\/\/acircan.com.br\/site\/credenciadas-util-card\/\">Clique AQUI e conhe\u00e7a as empresas que aceitam Util Card<\/a><\/p>\n<\/div><\/div><\/section>\n<section class='av_tab_section av_tab_section av-3wtz6u-1beca86e51b8279dfa145ff09139e729'  itemscope=\"itemscope\" itemtype=\"https:\/\/schema.org\/CreativeWork\" ><div id='tab-id-4-tab' class='tab' role='tab' aria-selected=\"false\" tabindex=\"0\" data-fake-id='#tab-id-4' aria-controls='tab-id-4-content'  itemprop=\"headline\" ><span class='tab_icon' aria-hidden='true' data-av_icon='\ue8cf' data-av_iconfont='entypo-fontello'><\/span>\u00datil Alimenta\u00e7\u00e3o<\/div><div id='tab-id-4-content' class='tab_content' role='tabpanel' aria-labelledby='tab-id-4-tab' aria-hidden=\"true\"><div class='tab_inner_content invers-color'  itemprop=\"text\" ><p><img loading=\"lazy\" decoding=\"async\" class=\"size-full wp-image-6767 alignright\" src=\"http:\/\/acircan.com.br\/site\/wp-content\/uploads\/2019\/03\/util-alimetnacao.png\" alt=\"\" width=\"144\" height=\"149\" srcset=\"https:\/\/acircan.com.br\/site\/wp-content\/uploads\/2019\/03\/util-alimetnacao.png 144w, https:\/\/acircan.com.br\/site\/wp-content\/uploads\/2019\/03\/util-alimetnacao-36x36.png 36w\" sizes=\"auto, (max-width: 144px) 100vw, 144px\" \/>Sistema de cart\u00f5es que atende uma das modalidades do PAT (Programa de Alimenta\u00e7\u00e3o do Trabalhador), o \u00datil Alimenta\u00e7\u00e3o \u00e9 uma solu\u00e7\u00e3o empresarial com investimento zero e muitos benef\u00edcios. A empresa carrega o cart\u00e3o com um valor previamente determinado e, com ele, o colaborador pode efetuar pagamentos em uma rede credenciada, formada por estabelecimentos que vendem alimentos in natura (mercados, padarias, a\u00e7ougues, etc.).<\/p>\n<p><a href=\"https:\/\/acircan.com.br\/site\/credenciadas-util-card\/\">Clique AQUI e conhe\u00e7a as empresas que aceitam Util Card<\/a><\/p>\n<\/div><\/div><\/section>\n<section class='av_tab_section av_tab_section av-20mrue-1a22889560fca48591aeca30f65fb35e'  itemscope=\"itemscope\" itemtype=\"https:\/\/schema.org\/CreativeWork\" ><div id='tab-id-5-tab' class='tab' role='tab' aria-selected=\"false\" tabindex=\"0\" data-fake-id='#tab-id-5' aria-controls='tab-id-5-content'  itemprop=\"headline\" ><span class='tab_icon' aria-hidden='true' data-av_icon='\ue8cf' data-av_iconfont='entypo-fontello'><\/span>\u00datil Refei\u00e7\u00e3o<\/div><div id='tab-id-5-content' class='tab_content' role='tabpanel' aria-labelledby='tab-id-5-tab' aria-hidden=\"true\"><div class='tab_inner_content invers-color'  itemprop=\"text\" ><p><img loading=\"lazy\" decoding=\"async\" class=\"size-full wp-image-6768 alignright\" src=\"http:\/\/acircan.com.br\/site\/wp-content\/uploads\/2019\/03\/util-refeicao.png\" alt=\"\" width=\"228\" height=\"253\" \/>Assim como o cart\u00e3o \u00datil Alimenta\u00e7\u00e3o, \u00e9 uma modalidade de gest\u00e3o de benef\u00edcios que viabiliza refei\u00e7\u00f5es em restaurantes e lanchonetes, como os vales-refei\u00e7\u00e3o, sendo mais um benef\u00edcio que as empresas podem oferecer aos colaboradores de forma pr\u00e1tica e controlada.<\/p>\n<p><a href=\"https:\/\/acircan.com.br\/site\/credenciadas-util-card\/\">Clique AQUI e conhe\u00e7a as empresas que aceitam Util Card<\/a><\/p>\n<\/div><\/div><\/section>\n<section class='av_tab_section av_tab_section av-31ld2u-2e7e182d567cd0c01bfcf0a6fd467aaa'  itemscope=\"itemscope\" itemtype=\"https:\/\/schema.org\/CreativeWork\" ><div id='tab-id-6-tab' class='tab' role='tab' aria-selected=\"false\" tabindex=\"0\" data-fake-id='#tab-id-6' aria-controls='tab-id-6-content'  itemprop=\"headline\" ><span class='tab_icon' aria-hidden='true' data-av_icon='\ue8cf' data-av_iconfont='entypo-fontello'><\/span>\u00datil Sa\u00fade<\/div><div id='tab-id-6-content' class='tab_content' role='tabpanel' aria-labelledby='tab-id-6-tab' aria-hidden=\"true\"><div class='tab_inner_content invers-color'  itemprop=\"text\" ><p><img loading=\"lazy\" decoding=\"async\" class=\"wp-image-7808 size-medium alignright\" src=\"https:\/\/acircan.com.br\/site\/wp-content\/uploads\/2023\/10\/UTIL-DUO-300x211.png\" alt=\"\" width=\"300\" height=\"211\" srcset=\"https:\/\/acircan.com.br\/site\/wp-content\/uploads\/2023\/10\/UTIL-DUO-300x211.png 300w, https:\/\/acircan.com.br\/site\/wp-content\/uploads\/2023\/10\/UTIL-DUO-768x539.png 768w, https:\/\/acircan.com.br\/site\/wp-content\/uploads\/2023\/10\/UTIL-DUO-705x495.png 705w, https:\/\/acircan.com.br\/site\/wp-content\/uploads\/2023\/10\/UTIL-DUO.png 1015w\" sizes=\"auto, (max-width: 300px) 100vw, 300px\" \/><\/p>\n<p>Uma nova ferramenta empresarial j\u00e1 est\u00e1 dispon\u00edvel. Atrav\u00e9s desta solu\u00e7\u00e3o a empresa pode cuidar da sa\u00fade dos colaboradores atrav\u00e9s de um Atendimento M\u00e9dico.<\/p>\n<p>O atendimento \u00e9 via telemedicina, ou seja, sem sair de casa, orienta\u00e7\u00e3o e prescri\u00e7\u00e3o m\u00e9dica, atendimento domiciliar por UTI M\u00f3vel e descontos m\u00e9dicos em rede referenciada.<\/p>\n<p>Tamb\u00e9m cobre seguro para acidentes pessoais, assist\u00eancia funeral, di\u00e1rias de interna\u00e7\u00e3o hospitalar ou UTI em casos de acidentes, assist\u00eancia residencial, assist\u00eancia Pet e sorteios semanais.<\/p>\n<p>BENEF\u00cdCIOS<\/p>\n<p>\u2022 Pre\u00e7os fixos, sem surpresa;<br \/>\n\u2022 Atendimento m\u00e9dico domiciliar;<br \/>\n\u2022 Consultas eletivas com especialidades;<br \/>\n\u2022 V\u00e1rias Especialidades M\u00e9dicas dispon\u00edveis;<br \/>\n\u2022 Teleatendimento m\u00e9dico 24 horas por dia e 7 dias por semana;<br \/>\n\u2022 Resolutividade: receitas m\u00e9dicas,requisi\u00e7\u00f5es para exames e procedimentos;<br \/>\n\u2022 Inclus\u00e3o de dependentes mais abrangente: c\u00f4njuge, companheiro, filhos, pais, sogros, tios, primos, sobrinhos etc.<br \/>\n\u2022 Concierge da Sa\u00fade para busca e marca\u00e7\u00e3o de consultas, exames e procedimentos ambulatoriais presenciais com economia significativa (Rede Aberta)<\/p>\n<\/div><\/div><\/section>\n<section class='av_tab_section av_tab_section av-hmqza-7adde6ca0653d4fd53a91e4bc5688909'  itemscope=\"itemscope\" itemtype=\"https:\/\/schema.org\/CreativeWork\" ><div id='tab-id-7-tab' class='tab' role='tab' aria-selected=\"false\" tabindex=\"0\" data-fake-id='#tab-id-7' aria-controls='tab-id-7-content'  itemprop=\"headline\" ><span class='tab_icon' aria-hidden='true' data-av_icon='\ue8b1' data-av_iconfont='entypo-fontello'><\/span>Certificado de Origem<\/div><div id='tab-id-7-content' class='tab_content' role='tabpanel' aria-labelledby='tab-id-7-tab' aria-hidden=\"true\"><div class='tab_inner_content invers-color'  itemprop=\"text\" ><p><img loading=\"lazy\" decoding=\"async\" class=\"size-medium wp-image-6770 alignright\" src=\"http:\/\/acircan.com.br\/site\/wp-content\/uploads\/2019\/03\/certificado-de-origem-300x169.jpg\" alt=\"\" width=\"300\" height=\"169\" srcset=\"https:\/\/acircan.com.br\/site\/wp-content\/uploads\/2019\/03\/certificado-de-origem-300x169.jpg 300w, https:\/\/acircan.com.br\/site\/wp-content\/uploads\/2019\/03\/certificado-de-origem.jpg 685w\" sizes=\"auto, (max-width: 300px) 100vw, 300px\" \/>O Certificado de Origem foi desenvolvido para assegurar que a mercadoria foi elaborada utilizando os crit\u00e9rios de produ\u00e7\u00e3o estabelecidos, atestando sua originalidade. Ele proporciona agilidade e redu\u00e7\u00e3o de custos na emiss\u00e3o de certificados exigidos em transa\u00e7\u00f5es internacionais, para pa\u00edses de blocos como Mercosul e Aladi.<\/p>\n<\/div><\/div><\/section>\n<section class='av_tab_section av_tab_section av-97beh2-3f13ab66e30e9899aeb1662939eddb4a'  itemscope=\"itemscope\" itemtype=\"https:\/\/schema.org\/CreativeWork\" ><div id='tab-id-8-tab' class='tab' role='tab' aria-selected=\"false\" tabindex=\"0\" data-fake-id='#tab-id-8' aria-controls='tab-id-8-content'  itemprop=\"headline\" ><span class='tab_icon' aria-hidden='true' data-av_icon='\ue810' data-av_iconfont='entypo-fontello'><\/span>SIGAEM<\/div><div id='tab-id-8-content' class='tab_content' role='tabpanel' aria-labelledby='tab-id-8-tab' aria-hidden=\"true\"><div class='tab_inner_content invers-color'  itemprop=\"text\" ><p><img loading=\"lazy\" decoding=\"async\" class=\"size-medium wp-image-6773 alignright\" src=\"http:\/\/acircan.com.br\/site\/wp-content\/uploads\/2019\/03\/sol11-1-300x300.jpg\" alt=\"\" width=\"300\" height=\"300\" srcset=\"https:\/\/acircan.com.br\/site\/wp-content\/uploads\/2019\/03\/sol11-1-300x300.jpg 300w, https:\/\/acircan.com.br\/site\/wp-content\/uploads\/2019\/03\/sol11-1-80x80.jpg 80w, https:\/\/acircan.com.br\/site\/wp-content\/uploads\/2019\/03\/sol11-1-36x36.jpg 36w, https:\/\/acircan.com.br\/site\/wp-content\/uploads\/2019\/03\/sol11-1-180x180.jpg 180w, https:\/\/acircan.com.br\/site\/wp-content\/uploads\/2019\/03\/sol11-1.jpg 344w\" sizes=\"auto, (max-width: 300px) 100vw, 300px\" \/>Fa\u00e7a a gest\u00e3o das \u00e1reas administrativa, financeira, mercadol\u00f3gica e institucional da sua empresa com um software de gest\u00e3o integrado.<br \/>\nO SIGAEM, Sistema Integrado de Gest\u00e3o para Associa\u00e7\u00e3o Empresarial, \u00e9 a forma que a FACISC encontrou de apoiar e otimizar os resultados da associa\u00e7\u00f5es de Santa Catarina na era digital.<\/p>\n<\/div><\/div><\/section>\n<section class='av_tab_section av_tab_section av-7laa52-ac796f2e8521197dee2aa899e374af28'  itemscope=\"itemscope\" itemtype=\"https:\/\/schema.org\/CreativeWork\" ><div id='tab-id-9-tab' class='tab' role='tab' aria-selected=\"false\" tabindex=\"0\" data-fake-id='#tab-id-9' aria-controls='tab-id-9-content'  itemprop=\"headline\" ><span class='tab_icon' aria-hidden='true' data-av_icon='\ue851' data-av_iconfont='entypo-fontello'><\/span>XML Empresarial<\/div><div id='tab-id-9-content' class='tab_content' role='tabpanel' aria-labelledby='tab-id-9-tab' aria-hidden=\"true\"><div class='tab_inner_content invers-color'  itemprop=\"text\" ><p><img loading=\"lazy\" decoding=\"async\" class=\"size-medium wp-image-6774 alignright\" src=\"http:\/\/acircan.com.br\/site\/wp-content\/uploads\/2019\/03\/xml-empresarial-300x98.jpg\" alt=\"\" width=\"300\" height=\"98\" srcset=\"https:\/\/acircan.com.br\/site\/wp-content\/uploads\/2019\/03\/xml-empresarial-300x98.jpg 300w, https:\/\/acircan.com.br\/site\/wp-content\/uploads\/2019\/03\/xml-empresarial.jpg 602w\" sizes=\"auto, (max-width: 300px) 100vw, 300px\" \/>O XML Empresarial da FACISC organiza, armazena e v\u00e1lida de maneira segura e eficiente os arquivos XML do seu neg\u00f3cio. Nosso m\u00f3dulo de rastreabilidade de arquivos permite ao empres\u00e1rio verificar de maneira simples e r\u00e1pida todas as notas fiscais eletr\u00f4nicas emitidas contra o CNPJ de sua empresa em um determinado per\u00edodo.<\/p>\n<\/div><\/div><\/section>\n<section class='av_tab_section av_tab_section av-355bk6-df5ef9b8f95430cbfdbecaba8808a2ac'  itemscope=\"itemscope\" itemtype=\"https:\/\/schema.org\/CreativeWork\" ><div id='tab-id-10-tab' class='tab' role='tab' aria-selected=\"false\" tabindex=\"0\" data-fake-id='#tab-id-10' aria-controls='tab-id-10-content'  itemprop=\"headline\" ><span class='tab_icon' aria-hidden='true' data-av_icon='\ue80a' data-av_iconfont='entypo-fontello'><\/span>Uniodonto<\/div><div id='tab-id-10-content' class='tab_content' role='tabpanel' aria-labelledby='tab-id-10-tab' aria-hidden=\"true\"><div class='tab_inner_content invers-color'  itemprop=\"text\" ><p><img loading=\"lazy\" decoding=\"async\" class=\"wp-image-7813 size-medium alignright\" src=\"https:\/\/acircan.com.br\/site\/wp-content\/uploads\/2023\/10\/unnamed-300x46.png\" alt=\"\" width=\"300\" height=\"46\" srcset=\"https:\/\/acircan.com.br\/site\/wp-content\/uploads\/2023\/10\/unnamed-300x46.png 300w, https:\/\/acircan.com.br\/site\/wp-content\/uploads\/2023\/10\/unnamed-1030x156.png 1030w, https:\/\/acircan.com.br\/site\/wp-content\/uploads\/2023\/10\/unnamed-768x117.png 768w, https:\/\/acircan.com.br\/site\/wp-content\/uploads\/2023\/10\/unnamed-705x107.png 705w, https:\/\/acircan.com.br\/site\/wp-content\/uploads\/2023\/10\/unnamed.png 1094w\" sizes=\"auto, (max-width: 300px) 100vw, 300px\" \/>Por interm\u00e9dio da parceria com a Uniodonto SC, a FACISC oferece aos colaboradores da sua empresa assist\u00eancia odontol\u00f3gicas \u2013 extens\u00edvel aos seus respectivos dependentes. Os planos odontol\u00f3gicos proporcionam acesso a \u00f3timos profissionais, aptos a garantirem o bem estar e a sa\u00fade dos segurados, e favorecem os la\u00e7os de confian\u00e7a entre a empresa e o funcion\u00e1rio, podendo ser decisivos para diminuir a baixar rotatividade e aumentar o engajamento de sua equipe em cada projeto.<\/p>\n<\/div><\/div><\/section>\n<section class='av_tab_section av_tab_section av-2wye9y-043919bcb99c13861daeaa9d4a0f99ee'  itemscope=\"itemscope\" itemtype=\"https:\/\/schema.org\/CreativeWork\" ><div id='tab-id-11-tab' class='tab' role='tab' aria-selected=\"false\" tabindex=\"0\" data-fake-id='#tab-id-11' aria-controls='tab-id-11-content'  itemprop=\"headline\" ><span class='tab_icon' aria-hidden='true' data-av_icon='\ue8b7' data-av_iconfont='entypo-fontello'><\/span>Protesto Expresso<\/div><div id='tab-id-11-content' class='tab_content' role='tabpanel' aria-labelledby='tab-id-11-tab' aria-hidden=\"true\"><div class='tab_inner_content invers-color'  itemprop=\"text\" ><p><img loading=\"lazy\" decoding=\"async\" class=\"size-full wp-image-6797 alignright\" src=\"https:\/\/acircan.com.br\/site\/wp-content\/uploads\/2019\/03\/protesto-expresso-e1487005090777.png\" alt=\"\" width=\"299\" height=\"96\" \/>O Protesto Expresso \u00e9 um jeito f\u00e1cil e assertivo de cobrar uma d\u00edvida. \u00c9 uma ferramenta que se destaca pelo baixo custo de inser\u00e7\u00e3o de t\u00edtulos para cobran\u00e7a via tabelionatos de protesto, e por ser um sistema online capaz de se integrar com outros sistemas das empresas.<\/p>\n<p><b>Vantagens:<\/b><\/p>\n<ul>\n<li>Rapidez do processo de cobran\u00e7a<\/li>\n<li>Recupera\u00e7\u00e3o de cr\u00e9dito com baixo custo<\/li>\n<li>Suporte completo fornecido pela equipe do iEPTB-SC<\/li>\n<li>Comunica\u00e7\u00e3o integrada com outros sistemas via Web Service<\/li>\n<\/ul>\n<\/div><\/div><\/section>\n<section class='av_tab_section av_tab_section av-1w5ldi-7b4e1e8e463d020a99d8934eb17ee833'  itemscope=\"itemscope\" itemtype=\"https:\/\/schema.org\/CreativeWork\" ><div id='tab-id-12-tab' class='tab' role='tab' aria-selected=\"false\" tabindex=\"0\" data-fake-id='#tab-id-12' aria-controls='tab-id-12-content'  itemprop=\"headline\" ><span class='tab_icon' aria-hidden='true' data-av_icon='\ue81f' data-av_iconfont='entypo-fontello'><\/span>PRINTE<\/div><div id='tab-id-12-content' class='tab_content' role='tabpanel' aria-labelledby='tab-id-12-tab' aria-hidden=\"true\"><div class='tab_inner_content invers-color'  itemprop=\"text\" ><p><img loading=\"lazy\" decoding=\"async\" class=\"size-medium wp-image-6776 alignright\" src=\"http:\/\/acircan.com.br\/site\/wp-content\/uploads\/2019\/03\/printe-300x78.jpg\" alt=\"\" width=\"300\" height=\"78\" srcset=\"https:\/\/acircan.com.br\/site\/wp-content\/uploads\/2019\/03\/printe-300x78.jpg 300w, https:\/\/acircan.com.br\/site\/wp-content\/uploads\/2019\/03\/printe.jpg 565w\" sizes=\"auto, (max-width: 300px) 100vw, 300px\" \/>O Programa de Prote\u00e7\u00e3o Intelectual (PRINTE) \u00e9 a solu\u00e7\u00e3o empresarial desenvolvida especialmente para oferecer a seguran\u00e7a que o empreendedor procura para o seu capital intelectual. Com o PRINTE \u00e9 poss\u00edvel obter os benef\u00edcios gerados pela correta prote\u00e7\u00e3o e utiliza\u00e7\u00e3o dos bens intang\u00edveis de um empreendimento.<\/p>\n<\/div><\/div><\/section>\n<\/div>\n","protected":false},"excerpt":{"rendered":"","protected":false},"author":1,"featured_media":0,"parent":0,"menu_order":0,"comment_status":"open","ping_status":"open","template":"","meta":{"footnotes":""},"class_list":["post-4870","page","type-page","status-publish","hentry"],"_links":{"self":[{"href":"https:\/\/acircan.com.br\/site\/wp-json\/wp\/v2\/pages\/4870","targetHints":{"allow":["GET"]}}],"collection":[{"href":"https:\/\/acircan.com.br\/site\/wp-json\/wp\/v2\/pages"}],"about":[{"href":"https:\/\/acircan.com.br\/site\/wp-json\/wp\/v2\/types\/page"}],"author":[{"embeddable":true,"href":"https:\/\/acircan.com.br\/site\/wp-json\/wp\/v2\/users\/1"}],"replies":[{"embeddable":true,"href":"https:\/\/acircan.com.br\/site\/wp-json\/wp\/v2\/comments?post=4870"}],"version-history":[{"count":46,"href":"https:\/\/acircan.com.br\/site\/wp-json\/wp\/v2\/pages\/4870\/revisions"}],"predecessor-version":[{"id":7961,"href":"https:\/\/acircan.com.br\/site\/wp-json\/wp\/v2\/pages\/4870\/revisions\/7961"}],"wp:attachment":[{"href":"https:\/\/acircan.com.br\/site\/wp-json\/wp\/v2\/media?parent=4870"}],"curies":[{"name":"wp","href":"https:\/\/api.w.org\/{rel}","templated":true}]}}