{"id":4928,"date":"2015-02-05T19:08:02","date_gmt":"2015-02-05T19:08:02","guid":{"rendered":"http:\/\/raptor.x2n.com.br\/~acircanc\/site\/?page_id=4928"},"modified":"2023-09-19T23:23:48","modified_gmt":"2023-09-19T23:23:48","slug":"nucleos","status":"publish","type":"page","link":"https:\/\/acircan.com.br\/site\/nucleos\/","title":{"rendered":"N\u00facleos"},"content":{"rendered":"<section  class='av_textblock_section av-jtbvjawf-240e83a72b0b6a4283fcd483d06cd702 '   itemscope=\"itemscope\" itemtype=\"https:\/\/schema.org\/CreativeWork\" ><div class='avia_textblock'  itemprop=\"text\" ><p>O Programa Empreender &#8211; n\u00facleos setoriais &#8211; \u00e9 desenvolvido atrav\u00e9s de encontros peri\u00f3dicos que acontecem dentro da ACIRCAN. Os empres\u00e1rios se re\u00fanem em grupos de trabalho, os n\u00facleos setoriais, de acordo com a sua atividade. Eles discutem problemas e buscam solu\u00e7\u00f5es comuns. Durante as reuni\u00f5es eles contam com a orienta\u00e7\u00e3o de um moderador\/consultor que os auxilia na identifica\u00e7\u00e3o de problemas, de necessidades, na troca de informa\u00e7\u00f5es e experi\u00eancias e na busca de solu\u00e7\u00f5es em conjunto. O objetivo deste trabalho \u00e9 contribuir para a quebra do isolamento da micro e pequena empresa, promover o associativismo e o desenvolvimento do neg\u00f3cio atrav\u00e9s de iniciativas empreendedoras.<\/p>\n<\/div><\/section>\n\n<style type=\"text\/css\" data-created_by=\"avia_inline_auto\" id=\"style-css-av-3uh3og-69ea8ddb89678ae78ee5304f38976072\">\n.flex_column.av-3uh3og-69ea8ddb89678ae78ee5304f38976072{\nborder-radius:0px 0px 0px 0px;\npadding:0px 0px 0px 0px;\n}\n<\/style>\n<div  class='flex_column av-3uh3og-69ea8ddb89678ae78ee5304f38976072 av_one_third  avia-builder-el-1  el_after_av_textblock  el_before_av_one_third  first flex_column_div av-zero-column-padding  column-top-margin'     ><style type=\"text\/css\" data-created_by=\"avia_inline_auto\" id=\"style-css-av-jtbvowoe-40034f8d69eef930583877d8a190d54d\">\n.avia-image-container.av-jtbvowoe-40034f8d69eef930583877d8a190d54d img.avia_image{\nbox-shadow:none;\n}\n.avia-image-container.av-jtbvowoe-40034f8d69eef930583877d8a190d54d .av-image-caption-overlay-center{\ncolor:#ffffff;\n}\n<\/style>\n<div  class='avia-image-container av-jtbvowoe-40034f8d69eef930583877d8a190d54d av-styling- avia-align-center  avia-builder-el-2  avia-builder-el-no-sibling '   itemprop=\"image\" itemscope=\"itemscope\" itemtype=\"https:\/\/schema.org\/ImageObject\" ><div class=\"avia-image-container-inner\"><div class=\"avia-image-overlay-wrap\"><img decoding=\"async\" fetchpriority=\"high\" class='wp-image-7702 avia-img-lazy-loading-not-7702 avia_image ' src=\"https:\/\/acircan.com.br\/site\/wp-content\/uploads\/2022\/03\/ACIRCAN-Campos-Novos-Nucleo-Setorial-de-Automecanicas-e1648725343155.png\" alt='' title='ACIRCAN - Campos Novos - N\u00facleo Setorial de Automec\u00e2nicas'  height=\"200\" width=\"200\"  itemprop=\"thumbnailUrl\" srcset=\"https:\/\/acircan.com.br\/site\/wp-content\/uploads\/2022\/03\/ACIRCAN-Campos-Novos-Nucleo-Setorial-de-Automecanicas-e1648725343155.png 200w, https:\/\/acircan.com.br\/site\/wp-content\/uploads\/2022\/03\/ACIRCAN-Campos-Novos-Nucleo-Setorial-de-Automecanicas-e1648725343155-80x80.png 80w, https:\/\/acircan.com.br\/site\/wp-content\/uploads\/2022\/03\/ACIRCAN-Campos-Novos-Nucleo-Setorial-de-Automecanicas-e1648725343155-36x36.png 36w, https:\/\/acircan.com.br\/site\/wp-content\/uploads\/2022\/03\/ACIRCAN-Campos-Novos-Nucleo-Setorial-de-Automecanicas-e1648725343155-180x180.png 180w\" sizes=\"(max-width: 200px) 100vw, 200px\" \/><\/div><\/div><\/div><\/div>\n\n<style type=\"text\/css\" data-created_by=\"avia_inline_auto\" id=\"style-css-av-31ynio-85749335b55517c11a5ed25959e33a43\">\n.flex_column.av-31ynio-85749335b55517c11a5ed25959e33a43{\nborder-radius:0px 0px 0px 0px;\npadding:0px 0px 0px 0px;\n}\n<\/style>\n<div  class='flex_column av-31ynio-85749335b55517c11a5ed25959e33a43 av_one_third  avia-builder-el-3  el_after_av_one_third  el_before_av_one_third  flex_column_div av-zero-column-padding  column-top-margin'     ><style type=\"text\/css\" data-created_by=\"avia_inline_auto\" id=\"style-css-av-jtbvp5cq-78ba60b3ec7c0a2c3e4d8108501bbb53\">\n.avia-image-container.av-jtbvp5cq-78ba60b3ec7c0a2c3e4d8108501bbb53 img.avia_image{\nbox-shadow:none;\n}\n.avia-image-container.av-jtbvp5cq-78ba60b3ec7c0a2c3e4d8108501bbb53 .av-image-caption-overlay-center{\ncolor:#ffffff;\n}\n<\/style>\n<div  class='avia-image-container av-jtbvp5cq-78ba60b3ec7c0a2c3e4d8108501bbb53 av-styling- avia-align-center  avia-builder-el-4  avia-builder-el-no-sibling '   itemprop=\"image\" itemscope=\"itemscope\" itemtype=\"https:\/\/schema.org\/ImageObject\" ><div class=\"avia-image-container-inner\"><div class=\"avia-image-overlay-wrap\"><img decoding=\"async\" fetchpriority=\"high\" class='wp-image-6825 avia-img-lazy-loading-not-6825 avia_image ' src=\"https:\/\/acircan.com.br\/site\/wp-content\/uploads\/2019\/03\/N\u00facleo-de-Contabilistas.jpg\" alt='' title='N\u00facleo de Contabilistas'  height=\"200\" width=\"200\"  itemprop=\"thumbnailUrl\" srcset=\"https:\/\/acircan.com.br\/site\/wp-content\/uploads\/2019\/03\/N\u00facleo-de-Contabilistas.jpg 200w, https:\/\/acircan.com.br\/site\/wp-content\/uploads\/2019\/03\/N\u00facleo-de-Contabilistas-80x80.jpg 80w, https:\/\/acircan.com.br\/site\/wp-content\/uploads\/2019\/03\/N\u00facleo-de-Contabilistas-36x36.jpg 36w, https:\/\/acircan.com.br\/site\/wp-content\/uploads\/2019\/03\/N\u00facleo-de-Contabilistas-180x180.jpg 180w\" sizes=\"(max-width: 200px) 100vw, 200px\" \/><\/div><\/div><\/div><\/div>\n\n<style type=\"text\/css\" data-created_by=\"avia_inline_auto\" id=\"style-css-av-31ynio-85749335b55517c11a5ed25959e33a43\">\n.flex_column.av-31ynio-85749335b55517c11a5ed25959e33a43{\nborder-radius:0px 0px 0px 0px;\npadding:0px 0px 0px 0px;\n}\n<\/style>\n<div  class='flex_column av-31ynio-85749335b55517c11a5ed25959e33a43 av_one_third  avia-builder-el-5  el_after_av_one_third  el_before_av_one_third  flex_column_div av-zero-column-padding  column-top-margin'     ><style type=\"text\/css\" data-created_by=\"avia_inline_auto\" id=\"style-css-av-jtbvp5cq-f87760f63c551b66db31fdd8589b24f6\">\n.avia-image-container.av-jtbvp5cq-f87760f63c551b66db31fdd8589b24f6 img.avia_image{\nbox-shadow:none;\n}\n.avia-image-container.av-jtbvp5cq-f87760f63c551b66db31fdd8589b24f6 .av-image-caption-overlay-center{\ncolor:#ffffff;\n}\n<\/style>\n<div  class='avia-image-container av-jtbvp5cq-f87760f63c551b66db31fdd8589b24f6 av-styling- avia-align-center  avia-builder-el-6  avia-builder-el-no-sibling '   itemprop=\"image\" itemscope=\"itemscope\" itemtype=\"https:\/\/schema.org\/ImageObject\" ><div class=\"avia-image-container-inner\"><div class=\"avia-image-overlay-wrap\"><img decoding=\"async\" fetchpriority=\"high\" class='wp-image-7801 avia-img-lazy-loading-not-7801 avia_image ' src=\"https:\/\/acircan.com.br\/site\/wp-content\/uploads\/2023\/09\/nucleo-odonto.png\" alt='' title='nucleo-odonto'  height=\"200\" width=\"200\"  itemprop=\"thumbnailUrl\" srcset=\"https:\/\/acircan.com.br\/site\/wp-content\/uploads\/2023\/09\/nucleo-odonto.png 200w, https:\/\/acircan.com.br\/site\/wp-content\/uploads\/2023\/09\/nucleo-odonto-80x80.png 80w, https:\/\/acircan.com.br\/site\/wp-content\/uploads\/2023\/09\/nucleo-odonto-36x36.png 36w, https:\/\/acircan.com.br\/site\/wp-content\/uploads\/2023\/09\/nucleo-odonto-180x180.png 180w\" sizes=\"(max-width: 200px) 100vw, 200px\" \/><\/div><\/div><\/div><\/div>\n<style type=\"text\/css\" data-created_by=\"avia_inline_auto\" id=\"style-css-av-31ynio-b69098b048eb30ada56ae24646315647\">\n.flex_column.av-31ynio-b69098b048eb30ada56ae24646315647{\nborder-radius:0px 0px 0px 0px;\npadding:0px 0px 0px 0px;\n}\n<\/style>\n<div  class='flex_column av-31ynio-b69098b048eb30ada56ae24646315647 av_one_third  avia-builder-el-7  el_after_av_one_third  el_before_av_one_third  first flex_column_div av-zero-column-padding  column-top-margin'     ><style type=\"text\/css\" data-created_by=\"avia_inline_auto\" id=\"style-css-av-jtbvp5cq-11dfb786419a8bc24607f546bac5bc1d\">\n.avia-image-container.av-jtbvp5cq-11dfb786419a8bc24607f546bac5bc1d img.avia_image{\nbox-shadow:none;\n}\n.avia-image-container.av-jtbvp5cq-11dfb786419a8bc24607f546bac5bc1d .av-image-caption-overlay-center{\ncolor:#ffffff;\n}\n<\/style>\n<div  class='avia-image-container av-jtbvp5cq-11dfb786419a8bc24607f546bac5bc1d av-styling- avia-align-center  avia-builder-el-8  avia-builder-el-no-sibling '   itemprop=\"image\" itemscope=\"itemscope\" itemtype=\"https:\/\/schema.org\/ImageObject\" ><div class=\"avia-image-container-inner\"><div class=\"avia-image-overlay-wrap\"><img decoding=\"async\" fetchpriority=\"high\" class='wp-image-7699 avia-img-lazy-loading-not-7699 avia_image ' src=\"https:\/\/acircan.com.br\/site\/wp-content\/uploads\/2022\/03\/Campos-Novos-Nucleo-Setorial-de-Gastronomia_LOGO-e1648725187103.png\" alt='' title='Campos Novos - N\u00facleo Setorial de Gastronomia_LOGO'  height=\"200\" width=\"200\"  itemprop=\"thumbnailUrl\" srcset=\"https:\/\/acircan.com.br\/site\/wp-content\/uploads\/2022\/03\/Campos-Novos-Nucleo-Setorial-de-Gastronomia_LOGO-e1648725187103.png 200w, https:\/\/acircan.com.br\/site\/wp-content\/uploads\/2022\/03\/Campos-Novos-Nucleo-Setorial-de-Gastronomia_LOGO-e1648725187103-80x80.png 80w, https:\/\/acircan.com.br\/site\/wp-content\/uploads\/2022\/03\/Campos-Novos-Nucleo-Setorial-de-Gastronomia_LOGO-e1648725187103-36x36.png 36w, https:\/\/acircan.com.br\/site\/wp-content\/uploads\/2022\/03\/Campos-Novos-Nucleo-Setorial-de-Gastronomia_LOGO-e1648725187103-180x180.png 180w\" sizes=\"(max-width: 200px) 100vw, 200px\" \/><\/div><\/div><\/div><\/div><\/p>\n\n<style type=\"text\/css\" data-created_by=\"avia_inline_auto\" id=\"style-css-av-31ynio-85749335b55517c11a5ed25959e33a43\">\n.flex_column.av-31ynio-85749335b55517c11a5ed25959e33a43{\nborder-radius:0px 0px 0px 0px;\npadding:0px 0px 0px 0px;\n}\n<\/style>\n<div  class='flex_column av-31ynio-85749335b55517c11a5ed25959e33a43 av_one_third  avia-builder-el-9  el_after_av_one_third  el_before_av_one_third  flex_column_div av-zero-column-padding  column-top-margin'     ><style type=\"text\/css\" data-created_by=\"avia_inline_auto\" id=\"style-css-av-jtbvp5cq-d5d848c27caa8d9a09a4326bb741291e\">\n.avia-image-container.av-jtbvp5cq-d5d848c27caa8d9a09a4326bb741291e img.avia_image{\nbox-shadow:none;\n}\n.avia-image-container.av-jtbvp5cq-d5d848c27caa8d9a09a4326bb741291e .av-image-caption-overlay-center{\ncolor:#ffffff;\n}\n<\/style>\n<div  class='avia-image-container av-jtbvp5cq-d5d848c27caa8d9a09a4326bb741291e av-styling- avia-align-center  avia-builder-el-10  avia-builder-el-no-sibling '   itemprop=\"image\" itemscope=\"itemscope\" itemtype=\"https:\/\/schema.org\/ImageObject\" ><div class=\"avia-image-container-inner\"><div class=\"avia-image-overlay-wrap\"><img decoding=\"async\" fetchpriority=\"high\" class='wp-image-6829 avia-img-lazy-loading-not-6829 avia_image ' src=\"https:\/\/acircan.com.br\/site\/wp-content\/uploads\/2019\/03\/N\u00facleo-de-Jovens-Empreendedores.jpg\" alt='' title='N\u00facleo de Jovens Empreendedores'  height=\"200\" width=\"200\"  itemprop=\"thumbnailUrl\" srcset=\"https:\/\/acircan.com.br\/site\/wp-content\/uploads\/2019\/03\/N\u00facleo-de-Jovens-Empreendedores.jpg 200w, https:\/\/acircan.com.br\/site\/wp-content\/uploads\/2019\/03\/N\u00facleo-de-Jovens-Empreendedores-80x80.jpg 80w, https:\/\/acircan.com.br\/site\/wp-content\/uploads\/2019\/03\/N\u00facleo-de-Jovens-Empreendedores-36x36.jpg 36w, https:\/\/acircan.com.br\/site\/wp-content\/uploads\/2019\/03\/N\u00facleo-de-Jovens-Empreendedores-180x180.jpg 180w\" sizes=\"(max-width: 200px) 100vw, 200px\" \/><\/div><\/div><\/div><\/div>\n\n<style type=\"text\/css\" data-created_by=\"avia_inline_auto\" id=\"style-css-av-31ynio-85749335b55517c11a5ed25959e33a43\">\n.flex_column.av-31ynio-85749335b55517c11a5ed25959e33a43{\nborder-radius:0px 0px 0px 0px;\npadding:0px 0px 0px 0px;\n}\n<\/style>\n<div  class='flex_column av-31ynio-85749335b55517c11a5ed25959e33a43 av_one_third  avia-builder-el-11  el_after_av_one_third  el_before_av_one_third  flex_column_div av-zero-column-padding  column-top-margin'     ><style type=\"text\/css\" data-created_by=\"avia_inline_auto\" id=\"style-css-av-jtbvp5cq-42dd0ed84a02b639c38799e58cf821a8\">\n.avia-image-container.av-jtbvp5cq-42dd0ed84a02b639c38799e58cf821a8 img.avia_image{\nbox-shadow:none;\n}\n.avia-image-container.av-jtbvp5cq-42dd0ed84a02b639c38799e58cf821a8 .av-image-caption-overlay-center{\ncolor:#ffffff;\n}\n<\/style>\n<div  class='avia-image-container av-jtbvp5cq-42dd0ed84a02b639c38799e58cf821a8 av-styling- avia-align-center  avia-builder-el-12  avia-builder-el-no-sibling '   itemprop=\"image\" itemscope=\"itemscope\" itemtype=\"https:\/\/schema.org\/ImageObject\" ><div class=\"avia-image-container-inner\"><div class=\"avia-image-overlay-wrap\"><img decoding=\"async\" fetchpriority=\"high\" class='wp-image-6830 avia-img-lazy-loading-not-6830 avia_image ' src=\"https:\/\/acircan.com.br\/site\/wp-content\/uploads\/2019\/03\/N\u00facleo-de-Mercados.jpg\" alt='' title='N\u00facleo de Mercados'  height=\"200\" width=\"200\"  itemprop=\"thumbnailUrl\" srcset=\"https:\/\/acircan.com.br\/site\/wp-content\/uploads\/2019\/03\/N\u00facleo-de-Mercados.jpg 200w, https:\/\/acircan.com.br\/site\/wp-content\/uploads\/2019\/03\/N\u00facleo-de-Mercados-80x80.jpg 80w, https:\/\/acircan.com.br\/site\/wp-content\/uploads\/2019\/03\/N\u00facleo-de-Mercados-36x36.jpg 36w, https:\/\/acircan.com.br\/site\/wp-content\/uploads\/2019\/03\/N\u00facleo-de-Mercados-180x180.jpg 180w\" sizes=\"(max-width: 200px) 100vw, 200px\" \/><\/div><\/div><\/div><\/div>\n\n<style type=\"text\/css\" data-created_by=\"avia_inline_auto\" id=\"style-css-av-31ynio-b69098b048eb30ada56ae24646315647\">\n.flex_column.av-31ynio-b69098b048eb30ada56ae24646315647{\nborder-radius:0px 0px 0px 0px;\npadding:0px 0px 0px 0px;\n}\n<\/style>\n<div  class='flex_column av-31ynio-b69098b048eb30ada56ae24646315647 av_one_third  avia-builder-el-13  el_after_av_one_third  el_before_av_one_third  first flex_column_div av-zero-column-padding  column-top-margin'     ><style type=\"text\/css\" data-created_by=\"avia_inline_auto\" id=\"style-css-av-jtbvp5cq-b882429650510863789c286339709f88\">\n.avia-image-container.av-jtbvp5cq-b882429650510863789c286339709f88 img.avia_image{\nbox-shadow:none;\n}\n.avia-image-container.av-jtbvp5cq-b882429650510863789c286339709f88 .av-image-caption-overlay-center{\ncolor:#ffffff;\n}\n<\/style>\n<div  class='avia-image-container av-jtbvp5cq-b882429650510863789c286339709f88 av-styling- avia-align-center  avia-builder-el-14  avia-builder-el-no-sibling '   itemprop=\"image\" itemscope=\"itemscope\" itemtype=\"https:\/\/schema.org\/ImageObject\" ><div class=\"avia-image-container-inner\"><div class=\"avia-image-overlay-wrap\"><img decoding=\"async\" fetchpriority=\"high\" class='wp-image-6831 avia-img-lazy-loading-not-6831 avia_image ' src=\"https:\/\/acircan.com.br\/site\/wp-content\/uploads\/2019\/03\/Conselho-de-N\u00facleos.jpg\" alt='' title='Conselho de N\u00facleos'  height=\"200\" width=\"200\"  itemprop=\"thumbnailUrl\" srcset=\"https:\/\/acircan.com.br\/site\/wp-content\/uploads\/2019\/03\/Conselho-de-N\u00facleos.jpg 200w, https:\/\/acircan.com.br\/site\/wp-content\/uploads\/2019\/03\/Conselho-de-N\u00facleos-80x80.jpg 80w, https:\/\/acircan.com.br\/site\/wp-content\/uploads\/2019\/03\/Conselho-de-N\u00facleos-36x36.jpg 36w, https:\/\/acircan.com.br\/site\/wp-content\/uploads\/2019\/03\/Conselho-de-N\u00facleos-180x180.jpg 180w\" sizes=\"(max-width: 200px) 100vw, 200px\" \/><\/div><\/div><\/div><\/div>\n\n<style type=\"text\/css\" data-created_by=\"avia_inline_auto\" id=\"style-css-av-31ynio-85749335b55517c11a5ed25959e33a43\">\n.flex_column.av-31ynio-85749335b55517c11a5ed25959e33a43{\nborder-radius:0px 0px 0px 0px;\npadding:0px 0px 0px 0px;\n}\n<\/style>\n<div  class='flex_column av-31ynio-85749335b55517c11a5ed25959e33a43 av_one_third  avia-builder-el-15  el_after_av_one_third  el_before_av_one_third  flex_column_div av-zero-column-padding  column-top-margin'     ><style type=\"text\/css\" data-created_by=\"avia_inline_auto\" id=\"style-css-av-jtbvp5cq-ad07a37787e8ce0611662cc668019195\">\n.avia-image-container.av-jtbvp5cq-ad07a37787e8ce0611662cc668019195 img.avia_image{\nbox-shadow:none;\n}\n.avia-image-container.av-jtbvp5cq-ad07a37787e8ce0611662cc668019195 .av-image-caption-overlay-center{\ncolor:#ffffff;\n}\n<\/style>\n<div  class='avia-image-container av-jtbvp5cq-ad07a37787e8ce0611662cc668019195 av-styling- avia-align-center  avia-builder-el-16  avia-builder-el-no-sibling '   itemprop=\"image\" itemscope=\"itemscope\" itemtype=\"https:\/\/schema.org\/ImageObject\" ><div class=\"avia-image-container-inner\"><div class=\"avia-image-overlay-wrap\"><img decoding=\"async\" fetchpriority=\"high\" class='wp-image-7701 avia-img-lazy-loading-not-7701 avia_image ' src=\"https:\/\/acircan.com.br\/site\/wp-content\/uploads\/2022\/03\/ACIRCAN-Campos-Novos-Nucleo-Multissetorial-da-Mulher-Empresaria-e1648725338532.png\" alt='' title='ACIRCAN - Campos Novos - N\u00facleo Multissetorial da Mulher Empres\u00e1ria'  height=\"200\" width=\"200\"  itemprop=\"thumbnailUrl\" srcset=\"https:\/\/acircan.com.br\/site\/wp-content\/uploads\/2022\/03\/ACIRCAN-Campos-Novos-Nucleo-Multissetorial-da-Mulher-Empresaria-e1648725338532.png 200w, https:\/\/acircan.com.br\/site\/wp-content\/uploads\/2022\/03\/ACIRCAN-Campos-Novos-Nucleo-Multissetorial-da-Mulher-Empresaria-e1648725338532-80x80.png 80w, https:\/\/acircan.com.br\/site\/wp-content\/uploads\/2022\/03\/ACIRCAN-Campos-Novos-Nucleo-Multissetorial-da-Mulher-Empresaria-e1648725338532-36x36.png 36w, https:\/\/acircan.com.br\/site\/wp-content\/uploads\/2022\/03\/ACIRCAN-Campos-Novos-Nucleo-Multissetorial-da-Mulher-Empresaria-e1648725338532-180x180.png 180w\" sizes=\"(max-width: 200px) 100vw, 200px\" \/><\/div><\/div><\/div><\/div>\n\n<style type=\"text\/css\" data-created_by=\"avia_inline_auto\" id=\"style-css-av-31ynio-85749335b55517c11a5ed25959e33a43\">\n.flex_column.av-31ynio-85749335b55517c11a5ed25959e33a43{\nborder-radius:0px 0px 0px 0px;\npadding:0px 0px 0px 0px;\n}\n<\/style>\n<div  class='flex_column av-31ynio-85749335b55517c11a5ed25959e33a43 av_one_third  avia-builder-el-17  el_after_av_one_third  el_before_av_one_third  flex_column_div av-zero-column-padding  column-top-margin'     ><style type=\"text\/css\" data-created_by=\"avia_inline_auto\" id=\"style-css-av-jtbvp5cq-26ef2dcf830259f93480a2ef3474f101\">\n.avia-image-container.av-jtbvp5cq-26ef2dcf830259f93480a2ef3474f101 img.avia_image{\nbox-shadow:none;\n}\n.avia-image-container.av-jtbvp5cq-26ef2dcf830259f93480a2ef3474f101 .av-image-caption-overlay-center{\ncolor:#ffffff;\n}\n<\/style>\n<div  class='avia-image-container av-jtbvp5cq-26ef2dcf830259f93480a2ef3474f101 av-styling- avia-align-center  avia-builder-el-18  avia-builder-el-no-sibling '   itemprop=\"image\" itemscope=\"itemscope\" itemtype=\"https:\/\/schema.org\/ImageObject\" ><div class=\"avia-image-container-inner\"><div class=\"avia-image-overlay-wrap\"><img decoding=\"async\" fetchpriority=\"high\" class='wp-image-7762 avia-img-lazy-loading-not-7762 avia_image ' src=\"https:\/\/acircan.com.br\/site\/wp-content\/uploads\/2023\/09\/abdon2.png\" alt='' title='abdon2'  height=\"200\" width=\"200\"  itemprop=\"thumbnailUrl\" srcset=\"https:\/\/acircan.com.br\/site\/wp-content\/uploads\/2023\/09\/abdon2.png 200w, https:\/\/acircan.com.br\/site\/wp-content\/uploads\/2023\/09\/abdon2-80x80.png 80w, https:\/\/acircan.com.br\/site\/wp-content\/uploads\/2023\/09\/abdon2-36x36.png 36w, https:\/\/acircan.com.br\/site\/wp-content\/uploads\/2023\/09\/abdon2-180x180.png 180w\" sizes=\"(max-width: 200px) 100vw, 200px\" \/><\/div><\/div><\/div><\/div>\n\n<style type=\"text\/css\" data-created_by=\"avia_inline_auto\" id=\"style-css-av-31ynio-b69098b048eb30ada56ae24646315647\">\n.flex_column.av-31ynio-b69098b048eb30ada56ae24646315647{\nborder-radius:0px 0px 0px 0px;\npadding:0px 0px 0px 0px;\n}\n<\/style>\n<div  class='flex_column av-31ynio-b69098b048eb30ada56ae24646315647 av_one_third  avia-builder-el-19  el_after_av_one_third  avia-builder-el-last  first flex_column_div av-zero-column-padding  column-top-margin'     ><style type=\"text\/css\" data-created_by=\"avia_inline_auto\" id=\"style-css-av-jtbvp5cq-49cf519f53a361082edcb2782a46217a\">\n.avia-image-container.av-jtbvp5cq-49cf519f53a361082edcb2782a46217a img.avia_image{\nbox-shadow:none;\n}\n.avia-image-container.av-jtbvp5cq-49cf519f53a361082edcb2782a46217a .av-image-caption-overlay-center{\ncolor:#ffffff;\n}\n<\/style>\n<div  class='avia-image-container av-jtbvp5cq-49cf519f53a361082edcb2782a46217a av-styling- avia-align-center  avia-builder-el-20  avia-builder-el-no-sibling '   itemprop=\"image\" itemscope=\"itemscope\" itemtype=\"https:\/\/schema.org\/ImageObject\" ><div class=\"avia-image-container-inner\"><div class=\"avia-image-overlay-wrap\"><img decoding=\"async\" fetchpriority=\"high\" class='wp-image-7761 avia-img-lazy-loading-not-7761 avia_image ' src=\"https:\/\/acircan.com.br\/site\/wp-content\/uploads\/2023\/09\/imob.jpg\" alt='' title='imob'  height=\"200\" width=\"200\"  itemprop=\"thumbnailUrl\" srcset=\"https:\/\/acircan.com.br\/site\/wp-content\/uploads\/2023\/09\/imob.jpg 200w, https:\/\/acircan.com.br\/site\/wp-content\/uploads\/2023\/09\/imob-80x80.jpg 80w, https:\/\/acircan.com.br\/site\/wp-content\/uploads\/2023\/09\/imob-36x36.jpg 36w, https:\/\/acircan.com.br\/site\/wp-content\/uploads\/2023\/09\/imob-180x180.jpg 180w\" sizes=\"(max-width: 200px) 100vw, 200px\" \/><\/div><\/div><\/div><\/div>\n","protected":false},"excerpt":{"rendered":"","protected":false},"author":1,"featured_media":0,"parent":0,"menu_order":0,"comment_status":"open","ping_status":"open","template":"","meta":{"footnotes":""},"class_list":["post-4928","page","type-page","status-publish","hentry"],"_links":{"self":[{"href":"https:\/\/acircan.com.br\/site\/wp-json\/wp\/v2\/pages\/4928","targetHints":{"allow":["GET"]}}],"collection":[{"href":"https:\/\/acircan.com.br\/site\/wp-json\/wp\/v2\/pages"}],"about":[{"href":"https:\/\/acircan.com.br\/site\/wp-json\/wp\/v2\/types\/page"}],"author":[{"embeddable":true,"href":"https:\/\/acircan.com.br\/site\/wp-json\/wp\/v2\/users\/1"}],"replies":[{"embeddable":true,"href":"https:\/\/acircan.com.br\/site\/wp-json\/wp\/v2\/comments?post=4928"}],"version-history":[{"count":25,"href":"https:\/\/acircan.com.br\/site\/wp-json\/wp\/v2\/pages\/4928\/revisions"}],"predecessor-version":[{"id":7803,"href":"https:\/\/acircan.com.br\/site\/wp-json\/wp\/v2\/pages\/4928\/revisions\/7803"}],"wp:attachment":[{"href":"https:\/\/acircan.com.br\/site\/wp-json\/wp\/v2\/media?parent=4928"}],"curies":[{"name":"wp","href":"https:\/\/api.w.org\/{rel}","templated":true}]}}