{"id":5045,"date":"2015-02-06T15:42:20","date_gmt":"2015-02-06T15:42:20","guid":{"rendered":"http:\/\/raptor.x2n.com.br\/~acircanc\/site\/?page_id=5045"},"modified":"2023-09-22T23:14:41","modified_gmt":"2023-09-22T23:14:41","slug":"cartao-de-beneficios-acircan","status":"publish","type":"page","link":"https:\/\/acircan.com.br\/site\/solucoes\/cartao-de-beneficios-acircan\/","title":{"rendered":"Cart\u00e3o de Benef\u00edcios ACIRCAN"},"content":{"rendered":"<section  class='av_textblock_section av-jtbu9rwz-2e8ff740f7ef8463efec0ddeb2ef97c6 '   itemscope=\"itemscope\" itemtype=\"https:\/\/schema.org\/CreativeWork\" ><div class='avia_textblock'  itemprop=\"text\" ><p>O cart\u00e3o de Benef\u00edcios da ACIRCAN, lhe d\u00e1 direito a descontos nos mais diversos ramos de atividade. Os descontos s\u00e3o para todos os funcion\u00e1rios de sua empresa, basta cadastr\u00e1-los junto a ACIRCAN.<\/p>\n<p>Veja onde voc\u00ea pode encontrar os descontos do Cart\u00e3o Benef\u00edcio:<\/p>\n<\/div><\/section>\n\n<style type=\"text\/css\" data-created_by=\"avia_inline_auto\" id=\"style-css-av-av_heading-9617377b73f4d9dbb161c137849e2ef2\">\n#top .av-special-heading.av-av_heading-9617377b73f4d9dbb161c137849e2ef2{\npadding-bottom:10px;\n}\nbody .av-special-heading.av-av_heading-9617377b73f4d9dbb161c137849e2ef2 .av-special-heading-tag .heading-char{\nfont-size:25px;\n}\n.av-special-heading.av-av_heading-9617377b73f4d9dbb161c137849e2ef2 .av-subheading{\nfont-size:15px;\n}\n<\/style>\n<div  class='av-special-heading av-av_heading-9617377b73f4d9dbb161c137849e2ef2 av-special-heading-h3  avia-builder-el-1  el_after_av_textblock  el_before_av_table  av-linked-heading'><h3 class='av-special-heading-tag '  itemprop=\"headline\"  >Servi\u00e7os<\/h3><div class=\"special-heading-border\"><div class=\"special-heading-inner-border\"><\/div><\/div><\/div>\n<div class='avia-data-table-wrap av-mcb0fp-3813564775c306abbf16241d93b5d6a7 avia_responsive_table avia-table-1'><table  class='avia-table avia-data-table avia_pricing_minimal  avia-builder-el-2  el_after_av_heading  el_before_av_heading '  itemscope=\"itemscope\" itemtype=\"https:\/\/schema.org\/Table\" ><tbody><tr class='avia-heading-row'><th class=''>Conveniado<\/th><th class=''>Telefone<\/th><\/tr><tr class=''><td class=''>Auto Mec\u00e2nica CD<\/td><td class=''>(49) 3541-0656<\/td><\/tr><tr class=''><td class=''>Tracam Mec\u00e2nica Agr\u00edcola <\/td><td class=''>(49) 3544-0525<\/td><\/tr><tr class=''><td class=''>Mec\u00e2nica Agr\u00edcola Talamini<\/td><td class=''>(49) 3544-1083<\/td><\/tr><tr class=''><td class=''>Auto El\u00e9trica Devilla<\/td><td class=''>(49) 3541-0745<\/td><\/tr><\/tbody><\/table><\/div><style type='text\/css'>.avia-table-1 td:nth-of-type(1):before { content: 'Conveniado'; } .avia-table-1 td:nth-of-type(2):before { content: 'Telefone'; } <\/style>\n\n<style type=\"text\/css\" data-created_by=\"avia_inline_auto\" id=\"style-css-av-av_heading-1475668388820a75e946b24b5e080dce\">\n#top .av-special-heading.av-av_heading-1475668388820a75e946b24b5e080dce{\npadding-bottom:10px;\n}\nbody .av-special-heading.av-av_heading-1475668388820a75e946b24b5e080dce .av-special-heading-tag .heading-char{\nfont-size:25px;\n}\n.av-special-heading.av-av_heading-1475668388820a75e946b24b5e080dce .av-subheading{\nfont-size:15px;\n}\n<\/style>\n<div  class='av-special-heading av-av_heading-1475668388820a75e946b24b5e080dce av-special-heading-h3  avia-builder-el-3  el_after_av_table  el_before_av_table  av-linked-heading'><h3 class='av-special-heading-tag '  itemprop=\"headline\"  >Odontologia<\/h3><div class=\"special-heading-border\"><div class=\"special-heading-inner-border\"><\/div><\/div><\/div>\n<div class='avia-data-table-wrap av-1fnmhc5-c2fabef7859d0bcf2c8f36f2995c2467 avia_responsive_table avia-table-2'><table  class='avia-table avia-data-table avia_pricing_minimal  avia-builder-el-4  el_after_av_heading  el_before_av_heading '  itemscope=\"itemscope\" itemtype=\"https:\/\/schema.org\/Table\" ><tbody><tr class='avia-heading-row'><th class=''>Conveniado<\/th><th class=''>Telefone<\/th><\/tr><tr class=''><td class=''>Dra. Ana Cristina Berwig Ko Freitag<\/td><td class=''>(49) 3544-2305<\/td><\/tr><tr class=''><td class=''>Dr. T\u00falio Ko Freitag<\/td><td class=''>(49) 3544-2305<\/td><\/tr><tr class=''><td class=''>Dra. Caroline Riffel<\/td><td class=''>(49) 3541-1604<\/td><\/tr><tr class=''><td class=''>Dr. Jason Martins Valladares Junior<\/td><td class=''>(49) 3541-1604<\/td><\/tr><tr class=''><td class=''>Dr. Alexandre Reginato de Oliveira<\/td><td class=''>(49) 3544-0043<\/td><\/tr><tr class=''><td class=''>Dr. Frederico Corr\u00eaa Pereira<\/td><td class=''>(49) 3541-2176<\/td><\/tr><tr class=''><td class=''>Dr. Alexandre Rossa Ribeiro<\/td><td class=''>(49) 3541-1411<\/td><\/tr><tr class=''><td class=''>Dr. Ronaldo Savaris<\/td><td class=''>(49) 3541-0336<\/td><\/tr><tr class=''><td class=''>Dr. Jonathan Da Cas<\/td><td class=''>(49) 3541-0001<\/td><\/tr><tr class=''><td class=''>Dr. Ademir Zanatta<\/td><td class=''>(49) 3541 -1077<\/td><\/tr><tr class=''><td class=''>Dr. Luiz Fernando Gris<\/td><td class=''>(49) 3544-0018<\/td><\/tr><tr class=''><td class=''>Dr. Marcos Antonio Nardino<\/td><td class=''>(49) 3541-1035<\/td><\/tr><tr class=''><td class=''>Dr. Iltair Galli J\u00fanior<\/td><td class=''>(49) 3541-2867<\/td><\/tr><tr class=''><td class=''>Cl\u00ednica Face Digital &#8211; Radiologia Odontol\u00f3gica<\/td><td class=''>(49) 3541-2260<\/td><\/tr><\/tbody><\/table><\/div><style type='text\/css'>.avia-table-2 td:nth-of-type(1):before { content: 'Conveniado'; } .avia-table-2 td:nth-of-type(2):before { content: 'Telefone'; } <\/style>\n\n<style type=\"text\/css\" data-created_by=\"avia_inline_auto\" id=\"style-css-av-av_heading-9a35bea7ff9954cfaefbcbcf0aedda09\">\n#top .av-special-heading.av-av_heading-9a35bea7ff9954cfaefbcbcf0aedda09{\npadding-bottom:10px;\n}\nbody .av-special-heading.av-av_heading-9a35bea7ff9954cfaefbcbcf0aedda09 .av-special-heading-tag .heading-char{\nfont-size:25px;\n}\n.av-special-heading.av-av_heading-9a35bea7ff9954cfaefbcbcf0aedda09 .av-subheading{\nfont-size:15px;\n}\n<\/style>\n<div  class='av-special-heading av-av_heading-9a35bea7ff9954cfaefbcbcf0aedda09 av-special-heading-h3  avia-builder-el-5  el_after_av_table  el_before_av_table  av-linked-heading'><h3 class='av-special-heading-tag '  itemprop=\"headline\"  >M\u00e9dicos<\/h3><div class=\"special-heading-border\"><div class=\"special-heading-inner-border\"><\/div><\/div><\/div>\n<div class='avia-data-table-wrap av-n4mted-ed41531369f4a26dad79f4ec1792cf89 avia_responsive_table avia-table-3'><table  class='avia-table avia-data-table avia_pricing_minimal  avia-builder-el-6  el_after_av_heading  el_before_av_heading '  itemscope=\"itemscope\" itemtype=\"https:\/\/schema.org\/Table\" ><tbody><tr class='avia-heading-row'><th class=''>Conveniado<\/th><th class=''>Especialidade<\/th><th class=''>Telefone<\/th><\/tr><tr class=''><td class=''>Dra. Marinez Escopel dos Santos<\/td><td class=''>Fonoaudi\u00f3loga<\/td><td class=''>(49) 3541-1035<\/td><\/tr><tr class=''><td class=''>Dra. Vanderl\u00e9a Scapini<\/td><td class=''>Fonoaudi\u00f3loga<\/td><td class=''>(49) 3541-1035<\/td><\/tr><tr class=''><td class=''>Dr. Clinton L. K. Freitag<\/td><td class=''>Cl\u00ednico Geral<\/td><td class=''>(49) 3541-1742<\/td><\/tr><tr class=''><td class=''>Dr. Mauro Luiz Vieira<\/td><td class=''>Cl\u00ednico Geral<\/td><td class=''>(49) 3541-0082<\/td><\/tr><tr class=''><td class=''>Dr. Darcy Crispim Corr\u00eaa<\/td><td class=''>Cl\u00ednico Geral<\/td><td class=''>(49) 3544-0387<\/td><\/tr><tr class=''><td class=''>Dr. Airton Luiz Rodrigues<\/td><td class=''>Ginecologista<\/td><td class=''>(49) 3544-1968<\/td><\/tr><tr class=''><td class=''>Dr. Christian Farias Santos<\/td><td class=''>Ginecologista e Cl\u00ednico Geral<\/td><td class=''>(49) 3541-2684<\/td><\/tr><tr class=''><td class=''>Dra. Karise Grando<\/td><td class=''>Ginecologista e Obstetra<\/td><td class=''>(49) 3541-2390<\/td><\/tr><tr class=''><td class=''>Dr. Clomar F. Milani<\/td><td class=''>Cl\u00ednico Geral<\/td><td class=''>(49) 3544-0379<\/td><\/tr><tr class=''><td class=''>Dr. Carlos A. H. Antunes<\/td><td class=''>Cl\u00ednico Geral<\/td><td class=''>(49) 3541-0397<\/td><\/tr><tr class=''><td class=''>Dr. Carlos Rossa<\/td><td class=''>Cl\u00ednico Geral<\/td><td class=''>(49) 3541-1036<\/td><\/tr><tr class=''><td class=''>Dr. Marco Aur\u00e9lio Becher<\/td><td class=''>Dermatologia Cl\u00ednica e Cir\u00fargica<\/td><td class=''>(49) 3544-0077<\/td><\/tr><tr class=''><td class=''>Clinica M\u00e9dica Dall\u2019oglio<\/td><td class=''>Clinica Cir\u00fargica Geral e Videolaparosc\u00f3pica<\/td><td class=''>(49) 3544-2895<\/td><\/tr><tr class=''><td class=''>Dra. Clarissa Sayuri Kato<\/td><td class=''>M\u00e9dica Pediatra<\/td><td class=''>(49) 3541-0906<\/td><\/tr><tr class=''><td class=''>Dr. Eduardo Felipe Mandarino Coppi<\/td><td class=''>Ortopedia e Traumatologia<\/td><td class=''>(49) 3541-0403<\/td><\/tr><tr class=''><td class=''>Dr. Seiko<\/td><td class=''>Cl\u00ednica de Olhos <\/td><td class=''>(49) 3563-1060 <\/td><\/tr><tr class=''><td class=''>Dr. Mateus Francheschi Dallanora<\/td><td class=''>Ortopedia e Traumatologia<\/td><td class=''>(49) 3544-1875<\/td><\/tr><tr class=''><td class=''>Dra. Aline Oliveira de Ara\u00fajo<\/td><td class=''>Pediatra<\/td><td class=''>(49) 98899-8480<\/td><\/tr><\/tbody><\/table><\/div><style type='text\/css'>.avia-table-3 td:nth-of-type(1):before { content: 'Conveniado'; } .avia-table-3 td:nth-of-type(2):before { content: 'Especialidade'; } .avia-table-3 td:nth-of-type(3):before { content: 'Telefone'; } <\/style>\n\n<style type=\"text\/css\" data-created_by=\"avia_inline_auto\" id=\"style-css-av-av_heading-76175b355bc2bb4c785c5fcf6b46a2d1\">\n#top .av-special-heading.av-av_heading-76175b355bc2bb4c785c5fcf6b46a2d1{\npadding-bottom:10px;\n}\nbody .av-special-heading.av-av_heading-76175b355bc2bb4c785c5fcf6b46a2d1 .av-special-heading-tag .heading-char{\nfont-size:25px;\n}\n.av-special-heading.av-av_heading-76175b355bc2bb4c785c5fcf6b46a2d1 .av-subheading{\nfont-size:15px;\n}\n<\/style>\n<div  class='av-special-heading av-av_heading-76175b355bc2bb4c785c5fcf6b46a2d1 av-special-heading-h3  avia-builder-el-7  el_after_av_table  el_before_av_table  av-linked-heading'><h3 class='av-special-heading-tag '  itemprop=\"headline\"  >Laborat\u00f3rios<\/h3><div class=\"special-heading-border\"><div class=\"special-heading-inner-border\"><\/div><\/div><\/div>\n<div class='avia-data-table-wrap av-1fnmhc5-6e4abbc461dc5eea95683b805df80ae1 avia_responsive_table avia-table-4'><table  class='avia-table avia-data-table avia_pricing_minimal  avia-builder-el-8  el_after_av_heading  el_before_av_heading '  itemscope=\"itemscope\" itemtype=\"https:\/\/schema.org\/Table\" ><tbody><tr class='avia-heading-row'><th class=''>Conveniado<\/th><th class=''>Telefone<\/th><\/tr><tr class=''><td class=''>Laborat\u00f3rio Becker<\/td><td class=''>(49) 3541-0706<\/td><\/tr><tr class=''><td class=''>Laborat\u00f3rio Pasteur<\/td><td class=''>(49) 3541-0171<\/td><\/tr><tr class=''><td class=''>Laborat\u00f3rio Gavazzoni<\/td><td class=''>(49) 3541-2979 <\/td><\/tr><\/tbody><\/table><\/div><style type='text\/css'>.avia-table-4 td:nth-of-type(1):before { content: 'Conveniado'; } .avia-table-4 td:nth-of-type(2):before { content: 'Telefone'; } <\/style>\n\n<style type=\"text\/css\" data-created_by=\"avia_inline_auto\" id=\"style-css-av-av_heading-15218396f3093b37ea43a9c9ed224ff3\">\n#top .av-special-heading.av-av_heading-15218396f3093b37ea43a9c9ed224ff3{\npadding-bottom:10px;\n}\nbody .av-special-heading.av-av_heading-15218396f3093b37ea43a9c9ed224ff3 .av-special-heading-tag .heading-char{\nfont-size:25px;\n}\n.av-special-heading.av-av_heading-15218396f3093b37ea43a9c9ed224ff3 .av-subheading{\nfont-size:15px;\n}\n<\/style>\n<div  class='av-special-heading av-av_heading-15218396f3093b37ea43a9c9ed224ff3 av-special-heading-h3  avia-builder-el-9  el_after_av_table  el_before_av_table  av-linked-heading'><h3 class='av-special-heading-tag '  itemprop=\"headline\"  >Outros<\/h3><div class=\"special-heading-border\"><div class=\"special-heading-inner-border\"><\/div><\/div><\/div>\n<div class='avia-data-table-wrap av-1fnmhc5-c2fabef7859d0bcf2c8f36f2995c2467 avia_responsive_table avia-table-5'><table  class='avia-table avia-data-table avia_pricing_minimal  avia-builder-el-10  el_after_av_heading  avia-builder-el-last '  itemscope=\"itemscope\" itemtype=\"https:\/\/schema.org\/Table\" ><tbody><tr class='avia-heading-row'><th class=''>Conveniado<\/th><th class=''>Especialidade<\/th><th class=''>Telefone<\/th><\/tr><tr class=''><td class=''>Joalheria e \u00d3ptica Mondadori<\/td><td class=''>Optometria<\/td><td class=''>(49) 3541 &#8211; 0535<\/td><\/tr><tr class=''><td class=''>Nilce Zanella<\/td><td class=''>Psicoterapeuta<\/td><td class=''>(49) 9 8817 &#8211; 9865<\/td><\/tr><tr class=''><td class=''>Cl\u00ednica La Sant\u00e9<\/td><td class=''><\/td><td class=''>(49) 3541 &#8211; 2958<\/td><\/tr><tr class=''><td class=''>Cheila Cibeli Carezia Fornara<\/td><td class=''>Fisioterapeuta<\/td><td class=''>(49) 3541 &#8211; 2684<\/td><\/tr><tr class=''><td class=''>Clinica Vita Life<\/td><td class=''><\/td><td class=''>(49) 3544 &#8211; 0077<\/td><\/tr><tr class=''><td class=''>Farm\u00e1cia Bebber<\/td><td class=''>Farm\u00e1cia<\/td><td class=''>(49) 3544 &#8211; 3436<\/td><\/tr><tr class=''><td class=''>Leonardo Farias Santos<\/td><td class=''>Fisioterapeuta<\/td><td class=''>(49) 3541 &#8211; 2515<\/td><\/tr><tr class=''><td class=''>Tha\u00eds Gomes de Almeida<\/td><td class=''>Fisioterapeuta<\/td><td class=''>(49) 9 9995 &#8211; 1840<\/td><\/tr><tr class=''><td class=''>Digimax<\/td><td class=''><\/td><td class=''>(49) 3421-0500<\/td><\/tr><tr class=''><td class=''>Academia da Moeda<\/td><td class=''><\/td><td class=''>(49) 98431-4466<\/td><\/tr><\/tbody><\/table><\/div><style type='text\/css'>.avia-table-5 td:nth-of-type(1):before { content: 'Conveniado'; } .avia-table-5 td:nth-of-type(2):before { content: 'Especialidade'; } .avia-table-5 td:nth-of-type(3):before { content: 'Telefone'; } <\/style>\n","protected":false},"excerpt":{"rendered":"","protected":false},"author":1,"featured_media":0,"parent":4870,"menu_order":0,"comment_status":"open","ping_status":"open","template":"","meta":{"footnotes":""},"class_list":["post-5045","page","type-page","status-publish","hentry"],"_links":{"self":[{"href":"https:\/\/acircan.com.br\/site\/wp-json\/wp\/v2\/pages\/5045","targetHints":{"allow":["GET"]}}],"collection":[{"href":"https:\/\/acircan.com.br\/site\/wp-json\/wp\/v2\/pages"}],"about":[{"href":"https:\/\/acircan.com.br\/site\/wp-json\/wp\/v2\/types\/page"}],"author":[{"embeddable":true,"href":"https:\/\/acircan.com.br\/site\/wp-json\/wp\/v2\/users\/1"}],"replies":[{"embeddable":true,"href":"https:\/\/acircan.com.br\/site\/wp-json\/wp\/v2\/comments?post=5045"}],"version-history":[{"count":40,"href":"https:\/\/acircan.com.br\/site\/wp-json\/wp\/v2\/pages\/5045\/revisions"}],"predecessor-version":[{"id":7804,"href":"https:\/\/acircan.com.br\/site\/wp-json\/wp\/v2\/pages\/5045\/revisions\/7804"}],"up":[{"embeddable":true,"href":"https:\/\/acircan.com.br\/site\/wp-json\/wp\/v2\/pages\/4870"}],"wp:attachment":[{"href":"https:\/\/acircan.com.br\/site\/wp-json\/wp\/v2\/media?parent=5045"}],"curies":[{"name":"wp","href":"https:\/\/api.w.org\/{rel}","templated":true}]}}