{"id":7275,"date":"2020-04-14T12:36:37","date_gmt":"2020-04-14T12:36:37","guid":{"rendered":"https:\/\/acircan.com.br\/site\/?page_id=7275"},"modified":"2021-04-28T13:41:33","modified_gmt":"2021-04-28T13:41:33","slug":"credenciadas-util-card","status":"publish","type":"page","link":"https:\/\/acircan.com.br\/site\/credenciadas-util-card\/","title":{"rendered":"Credenciadas \u00datil Card"},"content":{"rendered":"\n<style type=\"text\/css\" data-created_by=\"avia_inline_auto\" id=\"style-css-av-av_heading-8a666052e6f8e00ae2431786c08966e9\">\n#top .av-special-heading.av-av_heading-8a666052e6f8e00ae2431786c08966e9{\npadding-bottom:10px;\n}\nbody .av-special-heading.av-av_heading-8a666052e6f8e00ae2431786c08966e9 .av-special-heading-tag .heading-char{\nfont-size:25px;\n}\n.av-special-heading.av-av_heading-8a666052e6f8e00ae2431786c08966e9 .av-subheading{\nfont-size:15px;\n}\n<\/style>\n<div  class='av-special-heading av-av_heading-8a666052e6f8e00ae2431786c08966e9 av-special-heading-h3  avia-builder-el-0  el_before_av_table  avia-builder-el-first '><h3 class='av-special-heading-tag '  itemprop=\"headline\"  >Diversos<\/h3><div class=\"special-heading-border\"><div class=\"special-heading-inner-border\"><\/div><\/div><\/div>\n<div class='avia-data-table-wrap av-15jf8vv-37d3968329e8d243bb6d16fe4cf86b2b avia_responsive_table avia-table-1'><table  class='avia-table avia-data-table avia_pricing_minimal  avia-builder-el-1  el_after_av_heading  el_before_av_heading '  itemscope=\"itemscope\" itemtype=\"https:\/\/schema.org\/Table\" ><tbody><tr class='avia-heading-row'><th class=''>Conveniado<\/th><th class=''>Telefone<\/th><\/tr><tr class=''><td class=''>Agroforte<\/td><td class=''>3541-1024<\/td><\/tr><tr class=''><td class=''>Jujubinha Doces e Festas<\/td><td class=''>9 9933-1751<\/td><\/tr><tr class=''><td class=''>Karen Iago Especialista em Sobrancelhas<\/td><td class=''>9 9815-2429<\/td><\/tr><tr class=''><td class=''>Loja Personalit\u00e9 <\/td><td class=''>3544-2332<\/td><\/tr><tr class=''><td class=''>Manah Cereais<\/td><td class=''>3541-0235<\/td><\/tr><tr class=''><td class=''>Posto Coelho<\/td><td class=''>3541-0558<\/td><\/tr><tr class=''><td class=''>Cl\u00ednica do Celular<\/td><td class=''>9 8873-8045<\/td><\/tr><tr class=''><td class=''>Face Digital Radiologia Odontol\u00f3gica<\/td><td class=''>3541-2260<\/td><\/tr><tr class=''><td class=''>Laborat\u00f3rio Gavazzoni <\/td><td class=''>3541-2979<\/td><\/tr><tr class=''><td class=''>Laborat\u00f3rio Pasteur<\/td><td class=''>3541-2979<\/td><\/tr><tr class=''><td class=''>L\u00edder Cosm\u00e9ticos<\/td><td class=''>3541-0220<\/td><\/tr><tr class=''><td class=''>Minha Ess\u00eancia<\/td><td class=''>3544-3498<\/td><\/tr><tr class=''><td class=''>Cl\u00ednica de Olhos Dr. SEIKO <\/td><td class=''>3563-1060<\/td><\/tr><tr class=''><td class=''>Vida Laborat\u00f3rio Biom\u00e9dico <\/td><td class=''>3090-2177<\/td><\/tr><\/tbody><\/table><\/div><style type='text\/css'>.avia-table-1 td:nth-of-type(1):before { content: 'Conveniado'; } .avia-table-1 td:nth-of-type(2):before { content: 'Telefone'; } <\/style>\n\n<style type=\"text\/css\" data-created_by=\"avia_inline_auto\" id=\"style-css-av-ko1ib6za-068b127d8cea326b61d65373ecf35479\">\n#top .av-special-heading.av-ko1ib6za-068b127d8cea326b61d65373ecf35479{\npadding-bottom:10px;\n}\nbody .av-special-heading.av-ko1ib6za-068b127d8cea326b61d65373ecf35479 .av-special-heading-tag .heading-char{\nfont-size:25px;\n}\n.av-special-heading.av-ko1ib6za-068b127d8cea326b61d65373ecf35479 .av-subheading{\nfont-size:15px;\n}\n<\/style>\n<div  class='av-special-heading av-ko1ib6za-068b127d8cea326b61d65373ecf35479 av-special-heading-h3  avia-builder-el-2  el_after_av_table  el_before_av_table '><h3 class='av-special-heading-tag '  itemprop=\"headline\"  >Restaurantes<\/h3><div class=\"special-heading-border\"><div class=\"special-heading-inner-border\"><\/div><\/div><\/div>\n<div class='avia-data-table-wrap av-15jf8vv-37d3968329e8d243bb6d16fe4cf86b2b avia_responsive_table avia-table-2'><table  class='avia-table avia-data-table avia_pricing_minimal  avia-builder-el-3  el_after_av_heading  el_before_av_heading '  itemscope=\"itemscope\" itemtype=\"https:\/\/schema.org\/Table\" ><tbody><tr class='avia-heading-row'><th class=''>Conveniado<\/th><th class=''>Telefone<\/th><\/tr><tr class=''><td class=''>Restaurante Dona Ana<\/td><td class=''>3541-1745<\/td><\/tr><tr class=''><td class=''>Restaurante Copercampos<\/td><td class=''>3541-7375<\/td><\/tr><tr class=''><td class=''>Karen Iago Especialista em Sobrancelhas<\/td><td class=''>9 9815-2429<\/td><\/tr><tr class=''><td class=''>Restaurante Mythos<\/td><td class=''>3541-2745<\/td><\/tr><\/tbody><\/table><\/div><style type='text\/css'>.avia-table-2 td:nth-of-type(1):before { content: 'Conveniado'; } .avia-table-2 td:nth-of-type(2):before { content: 'Telefone'; } <\/style>\n\n<style type=\"text\/css\" data-created_by=\"avia_inline_auto\" id=\"style-css-av-ko1iazdf-a020ced9beb4006e7a773693fe2b2ae3\">\n#top .av-special-heading.av-ko1iazdf-a020ced9beb4006e7a773693fe2b2ae3{\npadding-bottom:10px;\n}\nbody .av-special-heading.av-ko1iazdf-a020ced9beb4006e7a773693fe2b2ae3 .av-special-heading-tag .heading-char{\nfont-size:25px;\n}\n.av-special-heading.av-ko1iazdf-a020ced9beb4006e7a773693fe2b2ae3 .av-subheading{\nfont-size:15px;\n}\n<\/style>\n<div  class='av-special-heading av-ko1iazdf-a020ced9beb4006e7a773693fe2b2ae3 av-special-heading-h3  avia-builder-el-4  el_after_av_table  el_before_av_table '><h3 class='av-special-heading-tag '  itemprop=\"headline\"  >Supermercados, Mercados, Padarias e Fruteira<\/h3><div class=\"special-heading-border\"><div class=\"special-heading-inner-border\"><\/div><\/div><\/div>\n<div class='avia-data-table-wrap av-15jf8vv-37d3968329e8d243bb6d16fe4cf86b2b avia_responsive_table avia-table-3'><table  class='avia-table avia-data-table avia_pricing_minimal  avia-builder-el-5  el_after_av_heading  el_before_av_heading '  itemscope=\"itemscope\" itemtype=\"https:\/\/schema.org\/Table\" ><tbody><tr class='avia-heading-row'><th class=''>Conveniado<\/th><th class=''>Telefone<\/th><\/tr><tr class=''><td class=''>Supermercado Barcarolo<\/td><td class=''>3541-0800<\/td><\/tr><tr class=''><td class=''>Padaria Baw\u00e1ria<\/td><td class=''>3544-1331<\/td><\/tr><tr class=''><td class=''>Padaria Bom Bocado<\/td><td class=''>3541-1044<\/td><\/tr><tr class=''><td class=''>Supermercado Castanhel<\/td><td class=''>3541-0055<\/td><\/tr><tr class=''><td class=''>Supermercado Copercampos<\/td><td class=''>3541-0300<\/td><\/tr><tr class=''><td class=''>Mercado Devilla<\/td><td class=''>3544-0206<\/td><\/tr><tr class=''><td class=''>Mercado Gusto<\/td><td class=''>3544-3178<\/td><\/tr><tr class=''><td class=''>Supermercado Guzatti<\/td><td class=''>3544-1282<\/td><\/tr><tr class=''><td class=''>Supermercado Hiper Center Copercampos<\/td><td class=''>3541-7375<\/td><\/tr><tr class=''><td class=''>Mercado Pauli<\/td><td class=''>3544-0110<\/td><\/tr><tr class=''><td class=''>Mercado S\u00e3o Jo\u00e3o<\/td><td class=''>3544-0550<\/td><\/tr><tr class=''><td class=''>Supermercado Lucas<\/td><td class=''>3544-1160<\/td><\/tr><tr class=''><td class=''>Supermercado Superviza<\/td><td class=''>3544-0555<\/td><\/tr><tr class=''><td class=''>Padaria Tha\u00eds<\/td><td class=''>3544-1042<\/td><\/tr><tr class=''><td class=''>Mercado Toigo &amp; Ferrari<\/td><td class=''>3541-2270 \/ 3541-0094<\/td><\/tr><tr class=''><td class=''>Mercado Zanoni<\/td><td class=''>3541-0373<\/td><\/tr><tr class=''><td class=''>Mercado Super Mais<\/td><td class=''>3544-3437<\/td><\/tr><tr class=''><td class=''>Mercado Toigo do Cowboy<\/td><td class=''>3541-2270<\/td><\/tr><tr class=''><td class=''>Supermercado J\u00falia<\/td><td class=''><\/td><\/tr><tr class=''><td class=''>Comercial Paiz<\/td><td class=''>3090-2125<\/td><\/tr><\/tbody><\/table><\/div><style type='text\/css'>.avia-table-3 td:nth-of-type(1):before { content: 'Conveniado'; } .avia-table-3 td:nth-of-type(2):before { content: 'Telefone'; } <\/style>\n\n<style type=\"text\/css\" data-created_by=\"avia_inline_auto\" id=\"style-css-av-av_heading-e3716d119a35bfc1c379ae703ff5a935\">\n#top .av-special-heading.av-av_heading-e3716d119a35bfc1c379ae703ff5a935{\npadding-bottom:10px;\n}\nbody .av-special-heading.av-av_heading-e3716d119a35bfc1c379ae703ff5a935 .av-special-heading-tag .heading-char{\nfont-size:25px;\n}\n.av-special-heading.av-av_heading-e3716d119a35bfc1c379ae703ff5a935 .av-subheading{\nfont-size:15px;\n}\n<\/style>\n<div  class='av-special-heading av-av_heading-e3716d119a35bfc1c379ae703ff5a935 av-special-heading-h3  avia-builder-el-6  el_after_av_table  el_before_av_table '><h3 class='av-special-heading-tag '  itemprop=\"headline\"  >Farm\u00e1cias<\/h3><div class=\"special-heading-border\"><div class=\"special-heading-inner-border\"><\/div><\/div><\/div>\n<div class='avia-data-table-wrap av-15jf8vv-3e08e9e8543291c2f8a59f29dcc56b22 avia_responsive_table avia-table-4'><table  class='avia-table avia-data-table avia_pricing_minimal  avia-builder-el-7  el_after_av_heading  avia-builder-el-last '  itemscope=\"itemscope\" itemtype=\"https:\/\/schema.org\/Table\" ><tbody><tr class='avia-heading-row'><th class=''>Conveniado<\/th><th class=''>Telefone<\/th><\/tr><tr class=''><td class=''>Drogaria Ultra Farm\u00e1cia Popular<\/td><td class=''>3544-1246<\/td><\/tr><tr class=''><td class=''>Farm\u00e1cia Ac Farma Essencial<\/td><td class=''>3541-1575<\/td><\/tr><tr class=''><td class=''>Farm\u00e1cia E Drogaria Lis<\/td><td class=''>3541-0454<\/td><\/tr><tr class=''><td class=''>Farm\u00e1cia Santa Rita<\/td><td class=''>3541-0220<\/td><\/tr><tr class=''><td class=''>Farm\u00e1cia S\u00e3o Jo\u00e3o<\/td><td class=''>3544-2475<\/td><\/tr><tr class=''><td class=''>Farm\u00e1cia Usifarma <\/td><td class=''>3541-0454<\/td><\/tr><tr class=''><td class=''>Farm\u00e1cia Bebber<\/td><td class=''>3544-3436<\/td><\/tr><tr class=''><td class=''>Farm\u00e1cia Medfarma<\/td><td class=''>3541-0454<\/td><\/tr><tr class=''><td class=''>Farm\u00e1cia Sagrado Cora\u00e7\u00e3o <\/td><td class=''>3563-2963<\/td><\/tr><tr class=''><td class=''>Manipula\u00e7\u00e3o Santa Rita<\/td><td class=''>3541-2950<\/td><\/tr><\/tbody><\/table><\/div><style type='text\/css'>.avia-table-4 td:nth-of-type(1):before { content: 'Conveniado'; } .avia-table-4 td:nth-of-type(2):before { content: 'Telefone'; } <\/style>\n","protected":false},"excerpt":{"rendered":"","protected":false},"author":1,"featured_media":0,"parent":0,"menu_order":0,"comment_status":"closed","ping_status":"closed","template":"","meta":{"footnotes":""},"class_list":["post-7275","page","type-page","status-publish","hentry"],"_links":{"self":[{"href":"https:\/\/acircan.com.br\/site\/wp-json\/wp\/v2\/pages\/7275","targetHints":{"allow":["GET"]}}],"collection":[{"href":"https:\/\/acircan.com.br\/site\/wp-json\/wp\/v2\/pages"}],"about":[{"href":"https:\/\/acircan.com.br\/site\/wp-json\/wp\/v2\/types\/page"}],"author":[{"embeddable":true,"href":"https:\/\/acircan.com.br\/site\/wp-json\/wp\/v2\/users\/1"}],"replies":[{"embeddable":true,"href":"https:\/\/acircan.com.br\/site\/wp-json\/wp\/v2\/comments?post=7275"}],"version-history":[{"count":14,"href":"https:\/\/acircan.com.br\/site\/wp-json\/wp\/v2\/pages\/7275\/revisions"}],"predecessor-version":[{"id":7589,"href":"https:\/\/acircan.com.br\/site\/wp-json\/wp\/v2\/pages\/7275\/revisions\/7589"}],"wp:attachment":[{"href":"https:\/\/acircan.com.br\/site\/wp-json\/wp\/v2\/media?parent=7275"}],"curies":[{"name":"wp","href":"https:\/\/api.w.org\/{rel}","templated":true}]}}